{"id":7,"date":"2013-03-13T18:36:11","date_gmt":"2013-03-13T18:36:11","guid":{"rendered":"http:\/\/wp1106126.server-he.de\/?page_id=7"},"modified":"2025-12-29T12:17:12","modified_gmt":"2025-12-29T12:17:12","slug":"uber-mich","status":"publish","type":"page","link":"https:\/\/hannatiechl.at\/","title":{"rendered":"Was mich bewegt&#8230;.."},"content":{"rendered":"\n<figure class=\"wp-block-gallery has-nested-images columns-default is-cropped wp-block-gallery-1 is-layout-flex wp-block-gallery-is-layout-flex\">\n<figure class=\"wp-block-image size-large\"><a href=\"https:\/\/hannatiechl.at\/wp-content\/uploads\/2025\/12\/IMG_9798-1.jpg\"><img loading=\"lazy\" decoding=\"async\" width=\"684\" height=\"1024\" data-id=\"12568\" src=\"https:\/\/hannatiechl.at\/wp-content\/uploads\/2025\/12\/IMG_9798-1-684x1024.jpg\" alt=\"\" class=\"wp-image-12568\" srcset=\"https:\/\/hannatiechl.at\/wp-content\/uploads\/2025\/12\/IMG_9798-1-684x1024.jpg 684w, https:\/\/hannatiechl.at\/wp-content\/uploads\/2025\/12\/IMG_9798-1-200x300.jpg 200w, https:\/\/hannatiechl.at\/wp-content\/uploads\/2025\/12\/IMG_9798-1-768x1150.jpg 768w, https:\/\/hannatiechl.at\/wp-content\/uploads\/2025\/12\/IMG_9798-1-1026x1536.jpg 1026w, https:\/\/hannatiechl.at\/wp-content\/uploads\/2025\/12\/IMG_9798-1.jpg 1368w\" sizes=\"auto, (max-width: 684px) 100vw, 684px\" \/><\/a><\/figure>\n<\/figure>\n\n\n<p style=\"text-align: center;\"><span style=\"color: #000080;\"><strong>Name<\/strong> : Johanna<\/span><\/p>\n<p style=\"text-align: center;\"><span style=\"color: #000080;\"><strong>Erkenntnis<\/strong> : Es ist immer noch sch\u00f6n in Pension zu sein<\/span><\/p>\n<p style=\"text-align: center;\"><span style=\"color: #000080;\"><strong>Wahlspruch<\/strong> : &#8222;Nit lugg lo&#8220; ( vorarlbergerisch f\u00fcr &#8222;nicht aufgeben!&#8220;)<\/span><\/p>\n<p style=\"text-align: center;\"><span style=\"color: #000080;\"><strong>Vorlieben<\/strong> : Robert (<b><a style=\"color: #000080;\" href=\"http:\/\/www.knoblauchpressen.com\">www.knoblauchpressen.com<\/a><\/b>), Reisen, Malen, Lesen, Kochen, Fotografieren, Freundschaften pflegen<\/span><\/p>\n<p style=\"text-align: center;\"><span style=\"color: #000080;\"><strong>Was ich weniger mag<\/strong> : (soziale) Ungerechtigkeit, Oberfl\u00e4chlichkeit, (unn\u00f6tige) Verz\u00f6gerungen<\/span><\/p>\n<p style=\"text-align: center;\"><span style=\"color: #000080;\"><strong>Wof\u00fcr ich mich engagiere<\/strong> :<\/span><\/p>\n<p style=\"text-align: center;\"><span style=\"color: #000080;\"> <strong><a style=\"color: #000080;\" href=\"http:\/\/www.kinderhilfe-brasilien.at\">www.kinderhilfe-brasilien.at <\/a><\/strong><\/span><\/p>\n<p style=\"text-align: center;\"><span style=\"color: #000080;\"><strong>Lesepatin <\/strong>in einer Wiener Volkschule<\/span><\/p>\n<p style=\"text-align: center;\"><span style=\"color: #0000ff;\"><strong>Es freut sich \u00fcber Kommentare\u00a0<\/strong><\/span><span style=\"color: #339966;\"><span style=\"color: #0000ff;\"><a style=\"color: #0000ff;\" href=\"mailto:hanna.tiechl@aon.at\"> die Inhaberin dieser Seite\u00a0<\/a> <\/span><span style=\"color: #ff0000;\"><br \/><\/span><\/span><\/p>\n\n\n<p><\/p>\n","protected":false},"excerpt":{"rendered":"<p>Name : Johanna Erkenntnis : Es ist immer noch sch\u00f6n in Pension zu sein Wahlspruch : &#8222;Nit lugg lo&#8220; ( vorarlbergerisch f\u00fcr &#8222;nicht aufgeben!&#8220;) Vorlieben : Robert (www.knoblauchpressen.com), Reisen, Malen, Lesen, Kochen, Fotografieren, Freundschaften pflegen Was ich weniger mag : (soziale) Ungerechtigkeit, Oberfl\u00e4chlichkeit, (unn\u00f6tige) Verz\u00f6gerungen Wof\u00fcr ich mich engagiere : www.kinderhilfe-brasilien.at Lesepatin in einer Wiener &hellip; <a href=\"https:\/\/hannatiechl.at\/\" class=\"more-link\"><span class=\"screen-reader-text\">Was mich bewegt&#8230;..<\/span> weiterlesen<\/a><\/p>\n","protected":false},"author":1,"featured_media":0,"parent":0,"menu_order":0,"comment_status":"open","ping_status":"open","template":"","meta":{"footnotes":""},"class_list":["post-7","page","type-page","status-publish","hentry"],"_links":{"self":[{"href":"https:\/\/hannatiechl.at\/index.php?rest_route=\/wp\/v2\/pages\/7","targetHints":{"allow":["GET"]}}],"collection":[{"href":"https:\/\/hannatiechl.at\/index.php?rest_route=\/wp\/v2\/pages"}],"about":[{"href":"https:\/\/hannatiechl.at\/index.php?rest_route=\/wp\/v2\/types\/page"}],"author":[{"embeddable":true,"href":"https:\/\/hannatiechl.at\/index.php?rest_route=\/wp\/v2\/users\/1"}],"replies":[{"embeddable":true,"href":"https:\/\/hannatiechl.at\/index.php?rest_route=%2Fwp%2Fv2%2Fcomments&post=7"}],"version-history":[{"count":70,"href":"https:\/\/hannatiechl.at\/index.php?rest_route=\/wp\/v2\/pages\/7\/revisions"}],"predecessor-version":[{"id":12569,"href":"https:\/\/hannatiechl.at\/index.php?rest_route=\/wp\/v2\/pages\/7\/revisions\/12569"}],"wp:attachment":[{"href":"https:\/\/hannatiechl.at\/index.php?rest_route=%2Fwp%2Fv2%2Fmedia&parent=7"}],"curies":[{"name":"wp","href":"https:\/\/api.w.org\/{rel}","templated":true}]}}